{"id":1129,"date":"2024-04-29T14:31:51","date_gmt":"2024-04-29T12:31:51","guid":{"rendered":"https:\/\/www.teszt.fleurdelys.hu\/products\/"},"modified":"2024-07-22T10:15:30","modified_gmt":"2024-07-22T08:15:30","slug":"products","status":"publish","type":"page","link":"https:\/\/www.brinmetal.co.rs\/en\/products\/","title":{"rendered":"PRODUCTS"},"content":{"rendered":"\t\t<div data-elementor-type=\"wp-page\" data-elementor-id=\"1129\" class=\"elementor elementor-1129 elementor-1124\" data-elementor-post-type=\"page\">\n\t\t\t\t<div class=\"elementor-element elementor-element-a13ce90 e-flex e-con-boxed e-con e-parent\" data-id=\"a13ce90\" data-element_type=\"container\" data-settings=\"{&quot;background_background&quot;:&quot;classic&quot;}\">\n\t\t\t\t\t<div class=\"e-con-inner\">\n\t\t<div class=\"elementor-element elementor-element-6ef13c0 e-con-full e-flex e-con e-child\" data-id=\"6ef13c0\" data-element_type=\"container\">\n\t\t\t\t<div class=\"elementor-element elementor-element-d5f5ae3 ekit-equal-height-enable gomb elementor-widget elementor-widget-elementskit-image-box\" data-id=\"d5f5ae3\" data-element_type=\"widget\" data-widget_type=\"elementskit-image-box.default\">\n\t\t\t\t<div class=\"elementor-widget-container\">\n\t\t\t<div class=\"ekit-wid-con\" >\n            <div class=\"elementskit-info-image-box ekit-image-box text-left simple-card\" >\n\n                <a href=\"https:\/\/www.brinmetal.co.rs\/en\/production-of-hardware-and-wholesale\/\">\n                <div class=\"elementskit-box-header image-box-img-left\">\n\n                    <img decoding=\"async\" src=\"https:\/\/www.brinmetal.co.rs\/wp-content\/uploads\/elementor\/thumbs\/alkt-qpei13r1gkv42z9kt11f3a8zzonkl74qj0seywgjb8.jpg\" title=\"alkt\" alt=\"alkt\" loading=\"lazy\" \/>\n                <\/div>\n                <\/a>\n                <div class=\"elementskit-box-body ekit-image-box-body\">\n                    <div class=\"elementskit-box-content ekit-image-box-body-inner\">\n                                                <h4 class=\"elementskit-info-box-title\">\n\n                        PRODUCTION OF HARDWARE AND WHOLESALE\n                        \n                    <\/h4>\n                                                            <div class=\"elementskit-box-style-content\">\n                        The BRINMETAL Kkt. is a metal processing company with more than 30 years of experience. We mainly produce parts for sectional garage doors, but have other products for different industries also. We process sheet metal on presses, sheet metal benders and other specialized machines, but we have our own tool production department also.\n\n\n\n \n\n                    <\/div>\n                                    <\/div>\n\n                                <div class=\"elementskit-box-footer\">\n                    <div class=\"box-footer\">\n                        <div class=\"btn-wraper\">\n                                                            <a href=\"https:\/\/www.brinmetal.co.rs\/en\/production-of-hardware-and-wholesale\/\" class=\"elementskit-btn whitespace--normal\">\n                                    Details\n                                    <i aria-hidden=\"true\" class=\"icon icon-arrow-right\"><\/i>\n                                <\/a>\n                                                        <\/div>\n                    <\/div>\n                <\/div>\n                            <\/div>\n            <\/div>\n    <\/div>\t\t<\/div>\n\t\t\t\t<\/div>\n\t\t\t\t<\/div>\n\t\t<div class=\"elementor-element elementor-element-5809a1c e-con-full e-flex e-con e-child\" data-id=\"5809a1c\" data-element_type=\"container\">\n\t\t\t\t<div class=\"elementor-element elementor-element-165e493 ekit-equal-height-enable gomb elementor-widget elementor-widget-elementskit-image-box\" data-id=\"165e493\" data-element_type=\"widget\" data-widget_type=\"elementskit-image-box.default\">\n\t\t\t\t<div class=\"elementor-widget-container\">\n\t\t\t<div class=\"ekit-wid-con\" >\n            <div class=\"elementskit-info-image-box ekit-image-box text-left simple-card\" >\n\n                \n                <div class=\"elementskit-box-header image-box-img-left\">\n\n                    <img decoding=\"async\" src=\"https:\/\/www.brinmetal.co.rs\/wp-content\/uploads\/elementor\/thumbs\/MicrosoftTeams-image-6-qqrb8f5x1k3lzpkttpstyil9uhj6u38gvkjsln8m9w.png\" title=\"MicrosoftTeams-image (6)\" alt=\"MicrosoftTeams-image (6)\" loading=\"lazy\" \/>\n                <\/div>\n                \n                <div class=\"elementskit-box-body ekit-image-box-body\">\n                    <div class=\"elementskit-box-content ekit-image-box-body-inner\">\n                                                <h4 class=\"elementskit-info-box-title\">\n\n                        SECTIONAL GARAGE DOORS\n                        \n                    <\/h4>\n                                                            <div class=\"elementskit-box-style-content\">\n                        We produce sectional garage doors by the highest demands, using quality parts and panels. We can offer specialized hardware regarding the need of the customer.                    <\/div>\n                                    <\/div>\n\n                                <div class=\"elementskit-box-footer\">\n                    <div class=\"box-footer\">\n                        <div class=\"btn-wraper\">\n                                                            <a href=\"https:\/\/www.brinmetal.co.rs\/en\/sectional-garage-doors\/\" class=\"elementskit-btn whitespace--normal\">\n                                    Details\n                                    <i aria-hidden=\"true\" class=\"icon icon-arrow-right\"><\/i>\n                                <\/a>\n                                                        <\/div>\n                    <\/div>\n                <\/div>\n                            <\/div>\n            <\/div>\n    <\/div>\t\t<\/div>\n\t\t\t\t<\/div>\n\t\t\t\t<\/div>\n\t\t<div class=\"elementor-element elementor-element-e60a9f5 e-con-full e-flex e-con e-child\" data-id=\"e60a9f5\" data-element_type=\"container\">\n\t\t\t\t<div class=\"elementor-element elementor-element-eb63303 ekit-equal-height-enable gomb elementor-widget elementor-widget-elementskit-image-box\" data-id=\"eb63303\" data-element_type=\"widget\" data-widget_type=\"elementskit-image-box.default\">\n\t\t\t\t<div class=\"elementor-widget-container\">\n\t\t\t<div class=\"ekit-wid-con\" >\n            <div class=\"elementskit-info-image-box ekit-image-box text-left simple-card\" >\n\n                \n                <div class=\"elementskit-box-header image-box-img-left\">\n\n                    <img decoding=\"async\" src=\"https:\/\/www.brinmetal.co.rs\/wp-content\/uploads\/elementor\/thumbs\/keriteskapu_-javitott-qqrb8agq3dx6dnrnl5rp41ryvk6crlpt6xad79fl50.png\" title=\"ker\u00edt\u00e9skapu_ jav\u00edtott\" alt=\"ker\u00edt\u00e9skapu_ jav\u00edtott\" loading=\"lazy\" \/>\n                <\/div>\n                \n                <div class=\"elementskit-box-body ekit-image-box-body\">\n                    <div class=\"elementskit-box-content ekit-image-box-body-inner\">\n                                                <h4 class=\"elementskit-info-box-title\">\n\n                        GATES AND FENCES\n                        \n                    <\/h4>\n                                                            <div class=\"elementskit-box-style-content\">\n                        Decorate your house with our steel fences and gates, painted in different colour. We make gates and fences precisely tailored for the need of the customer.                     <\/div>\n                                    <\/div>\n\n                                <div class=\"elementskit-box-footer\">\n                    <div class=\"box-footer\">\n                        <div class=\"btn-wraper\">\n                                                            <a href=\"https:\/\/www.brinmetal.co.rs\/en\/gates-and-fences\/\" class=\"elementskit-btn whitespace--normal\">\n                                    Details\n                                    <i aria-hidden=\"true\" class=\"icon icon-arrow-right\"><\/i>\n                                <\/a>\n                                                        <\/div>\n                    <\/div>\n                <\/div>\n                            <\/div>\n            <\/div>\n    <\/div>\t\t<\/div>\n\t\t\t\t<\/div>\n\t\t\t\t<\/div>\n\t\t\t\t\t<\/div>\n\t\t\t\t<\/div>\n\t\t<div class=\"elementor-element elementor-element-b26b0db e-flex e-con-boxed e-con e-parent\" data-id=\"b26b0db\" data-element_type=\"container\" data-settings=\"{&quot;background_background&quot;:&quot;classic&quot;}\">\n\t\t\t\t\t<div class=\"e-con-inner\">\n\t\t<div class=\"elementor-element elementor-element-06c7f46 e-con-full e-flex e-con e-child\" data-id=\"06c7f46\" data-element_type=\"container\">\n\t\t\t\t<div class=\"elementor-element elementor-element-cd3dd6f ekit-equal-height-enable gomb elementor-widget elementor-widget-elementskit-image-box\" data-id=\"cd3dd6f\" data-element_type=\"widget\" data-widget_type=\"elementskit-image-box.default\">\n\t\t\t\t<div class=\"elementor-widget-container\">\n\t\t\t<div class=\"ekit-wid-con\" >\n            <div class=\"elementskit-info-image-box ekit-image-box text-left simple-card\" >\n\n                \n                <div class=\"elementskit-box-header image-box-img-left\">\n\n                    <img decoding=\"async\" src=\"https:\/\/www.brinmetal.co.rs\/wp-content\/uploads\/elementor\/thumbs\/automatizalas-qqrb86pdc1s137x47456u2q4i0ovwtavueofa5l5tw.jpg\" title=\"automatiz\u00e1l\u00e1s\" alt=\"automatiz\u00e1l\u00e1s\" loading=\"lazy\" \/>\n                <\/div>\n                \n                <div class=\"elementskit-box-body ekit-image-box-body\">\n                    <div class=\"elementskit-box-content ekit-image-box-body-inner\">\n                                                <h4 class=\"elementskit-info-box-title\">\n\n                        AUTOMATIZATION\n                        \n                    <\/h4>\n                                                            <div class=\"elementskit-box-style-content\">\n                        Automate your garage door and gate with some of the motors from our offer. In our offer you can find SOMMER, BFT and PAX engines and their accessories.                     <\/div>\n                                    <\/div>\n\n                                <div class=\"elementskit-box-footer\">\n                    <div class=\"box-footer\">\n                        <div class=\"btn-wraper\">\n                                                            <a href=\"https:\/\/www.brinmetal.co.rs\/en\/automatization\/\" class=\"elementskit-btn whitespace--normal\">\n                                    Details\n                                    <i aria-hidden=\"true\" class=\"icon icon-arrow-right\"><\/i>\n                                <\/a>\n                                                        <\/div>\n                    <\/div>\n                <\/div>\n                            <\/div>\n            <\/div>\n    <\/div>\t\t<\/div>\n\t\t\t\t<\/div>\n\t\t\t\t<\/div>\n\t\t<div class=\"elementor-element elementor-element-dfbd462 e-con-full e-flex e-con e-child\" data-id=\"dfbd462\" data-element_type=\"container\">\n\t\t\t\t<div class=\"elementor-element elementor-element-21d46e6 ekit-equal-height-enable gomb elementor-widget elementor-widget-elementskit-image-box\" data-id=\"21d46e6\" data-element_type=\"widget\" data-widget_type=\"elementskit-image-box.default\">\n\t\t\t\t<div class=\"elementor-widget-container\">\n\t\t\t<div class=\"ekit-wid-con\" >\n            <div class=\"elementskit-info-image-box ekit-image-box text-left simple-card\" >\n\n                \n                <div class=\"elementskit-box-header image-box-img-left\">\n\n                    <img decoding=\"async\" src=\"https:\/\/www.brinmetal.co.rs\/wp-content\/uploads\/elementor\/thumbs\/plc-qpei2wlwk5bwc2ndab2odbvsz9rwcba7rxsx2zsddw.jpg\" title=\"plc\" alt=\"plc\" loading=\"lazy\" \/>\n                <\/div>\n                \n                <div class=\"elementskit-box-body ekit-image-box-body\">\n                    <div class=\"elementskit-box-content ekit-image-box-body-inner\">\n                                                <h4 class=\"elementskit-info-box-title\">\n\n                        NEW PRODUCTS\n                        \n                    <\/h4>\n                                                            <div class=\"elementskit-box-style-content\">\n                        Our product range includes other products independent of gates, which can be of great help in our everyday lives. Examples include wall shelves or bin containers.                     <\/div>\n                                    <\/div>\n\n                                <div class=\"elementskit-box-footer\">\n                    <div class=\"box-footer\">\n                        <div class=\"btn-wraper\">\n                                                            <a href=\"https:\/\/www.brinmetal.co.rs\/en\/new-products\/\" class=\"elementskit-btn whitespace--normal\">\n                                    Details\n                                    <i aria-hidden=\"true\" class=\"icon icon-arrow-right\"><\/i>\n                                <\/a>\n                                                        <\/div>\n                    <\/div>\n                <\/div>\n                            <\/div>\n            <\/div>\n    <\/div>\t\t<\/div>\n\t\t\t\t<\/div>\n\t\t\t\t<\/div>\n\t\t<div class=\"elementor-element elementor-element-a2f630b e-con-full e-flex e-con e-child\" data-id=\"a2f630b\" data-element_type=\"container\">\n\t\t\t\t<\/div>\n\t\t\t\t\t<\/div>\n\t\t\t\t<\/div>\n\t\t\t\t<\/div>\n\t\t","protected":false},"excerpt":{"rendered":"<p>PRODUCTION OF HARDWARE AND WHOLESALE The BRINMETAL Kkt. is a metal processing company with more than 30 years of experience. We mainly produce parts for sectional garage doors, but have other products for different industries also. We process sheet metal on presses, sheet metal benders and other specialized machines, but we have our own tool [&hellip;]<\/p>\n","protected":false},"author":1,"featured_media":0,"parent":0,"menu_order":0,"comment_status":"closed","ping_status":"closed","template":"","meta":{"footnotes":""},"yoast_head":"<!-- This site is optimized with the Yoast SEO plugin v23.7 - https:\/\/yoast.com\/wordpress\/plugins\/seo\/ -->\n<title>PRODUCTS - Brinmetal<\/title>\n<meta name=\"robots\" content=\"index, follow, max-snippet:-1, max-image-preview:large, max-video-preview:-1\" \/>\n<link rel=\"canonical\" href=\"https:\/\/www.brinmetal.co.rs\/en\/products\/\" \/>\n<meta property=\"og:locale\" content=\"en_US\" \/>\n<meta property=\"og:type\" content=\"article\" \/>\n<meta property=\"og:title\" content=\"PRODUCTS - Brinmetal\" \/>\n<meta property=\"og:description\" content=\"PRODUCTION OF HARDWARE AND WHOLESALE The BRINMETAL Kkt. is a metal processing company with more than 30 years of experience. We mainly produce parts for sectional garage doors, but have other products for different industries also. We process sheet metal on presses, sheet metal benders and other specialized machines, but we have our own tool [&hellip;]\" \/>\n<meta property=\"og:url\" content=\"https:\/\/www.brinmetal.co.rs\/en\/products\/\" \/>\n<meta property=\"og:site_name\" content=\"Brinmetal\" \/>\n<meta property=\"article:modified_time\" content=\"2024-07-22T08:15:30+00:00\" \/>\n<meta property=\"og:image\" content=\"https:\/\/www.brinmetal.co.rs\/wp-content\/uploads\/elementor\/thumbs\/alkt-qpei13r1gkv42z9kt11f3a8zzonkl74qj0seywgjb8.jpg\" \/>\n<meta name=\"twitter:card\" content=\"summary_large_image\" \/>\n<meta name=\"twitter:label1\" content=\"Est. reading time\" \/>\n\t<meta name=\"twitter:data1\" content=\"1 minute\" \/>\n<script type=\"application\/ld+json\" class=\"yoast-schema-graph\">{\"@context\":\"https:\/\/schema.org\",\"@graph\":[{\"@type\":\"WebPage\",\"@id\":\"https:\/\/www.brinmetal.co.rs\/en\/products\/\",\"url\":\"https:\/\/www.brinmetal.co.rs\/en\/products\/\",\"name\":\"PRODUCTS - Brinmetal\",\"isPartOf\":{\"@id\":\"https:\/\/www.brinmetal.co.rs\/#website\"},\"primaryImageOfPage\":{\"@id\":\"https:\/\/www.brinmetal.co.rs\/en\/products\/#primaryimage\"},\"image\":{\"@id\":\"https:\/\/www.brinmetal.co.rs\/en\/products\/#primaryimage\"},\"thumbnailUrl\":\"https:\/\/www.brinmetal.co.rs\/wp-content\/uploads\/elementor\/thumbs\/alkt-qpei13r1gkv42z9kt11f3a8zzonkl74qj0seywgjb8.jpg\",\"datePublished\":\"2024-04-29T12:31:51+00:00\",\"dateModified\":\"2024-07-22T08:15:30+00:00\",\"breadcrumb\":{\"@id\":\"https:\/\/www.brinmetal.co.rs\/en\/products\/#breadcrumb\"},\"inLanguage\":\"en-US\",\"potentialAction\":[{\"@type\":\"ReadAction\",\"target\":[\"https:\/\/www.brinmetal.co.rs\/en\/products\/\"]}]},{\"@type\":\"ImageObject\",\"inLanguage\":\"en-US\",\"@id\":\"https:\/\/www.brinmetal.co.rs\/en\/products\/#primaryimage\",\"url\":\"https:\/\/www.brinmetal.co.rs\/wp-content\/uploads\/elementor\/thumbs\/alkt-qpei13r1gkv42z9kt11f3a8zzonkl74qj0seywgjb8.jpg\",\"contentUrl\":\"https:\/\/www.brinmetal.co.rs\/wp-content\/uploads\/elementor\/thumbs\/alkt-qpei13r1gkv42z9kt11f3a8zzonkl74qj0seywgjb8.jpg\"},{\"@type\":\"BreadcrumbList\",\"@id\":\"https:\/\/www.brinmetal.co.rs\/en\/products\/#breadcrumb\",\"itemListElement\":[{\"@type\":\"ListItem\",\"position\":1,\"name\":\"Kezd\u0151lap\",\"item\":\"https:\/\/www.brinmetal.co.rs\/en\/brinmetal-kkt\/\"},{\"@type\":\"ListItem\",\"position\":2,\"name\":\"PRODUCTS\"}]},{\"@type\":\"WebSite\",\"@id\":\"https:\/\/www.brinmetal.co.rs\/#website\",\"url\":\"https:\/\/www.brinmetal.co.rs\/\",\"name\":\"Brinmetal\",\"description\":\"Szekcion\u00e1lt gar\u00e1zskapuk, kertkapuk, ker\u00edt\u00e9sek \u00e9s egy\u00e9b ac\u00e9l term\u00e9kek gy\u00e1rt\u00f3ja\",\"publisher\":{\"@id\":\"https:\/\/www.brinmetal.co.rs\/#organization\"},\"potentialAction\":[{\"@type\":\"SearchAction\",\"target\":{\"@type\":\"EntryPoint\",\"urlTemplate\":\"https:\/\/www.brinmetal.co.rs\/?s={search_term_string}\"},\"query-input\":{\"@type\":\"PropertyValueSpecification\",\"valueRequired\":true,\"valueName\":\"search_term_string\"}}],\"inLanguage\":\"en-US\"},{\"@type\":\"Organization\",\"@id\":\"https:\/\/www.brinmetal.co.rs\/#organization\",\"name\":\"Brinmetal\",\"url\":\"https:\/\/www.brinmetal.co.rs\/\",\"logo\":{\"@type\":\"ImageObject\",\"inLanguage\":\"en-US\",\"@id\":\"https:\/\/www.brinmetal.co.rs\/#\/schema\/logo\/image\/\",\"url\":\"https:\/\/www.brinmetal.co.rs\/wp-content\/uploads\/2024\/03\/brinmm.jpg\",\"contentUrl\":\"https:\/\/www.brinmetal.co.rs\/wp-content\/uploads\/2024\/03\/brinmm.jpg\",\"width\":1445,\"height\":151,\"caption\":\"Brinmetal\"},\"image\":{\"@id\":\"https:\/\/www.brinmetal.co.rs\/#\/schema\/logo\/image\/\"}}]}<\/script>\n<!-- \/ Yoast SEO plugin. -->","yoast_head_json":{"title":"PRODUCTS - Brinmetal","robots":{"index":"index","follow":"follow","max-snippet":"max-snippet:-1","max-image-preview":"max-image-preview:large","max-video-preview":"max-video-preview:-1"},"canonical":"https:\/\/www.brinmetal.co.rs\/en\/products\/","og_locale":"en_US","og_type":"article","og_title":"PRODUCTS - Brinmetal","og_description":"PRODUCTION OF HARDWARE AND WHOLESALE The BRINMETAL Kkt. is a metal processing company with more than 30 years of experience. We mainly produce parts for sectional garage doors, but have other products for different industries also. We process sheet metal on presses, sheet metal benders and other specialized machines, but we have our own tool [&hellip;]","og_url":"https:\/\/www.brinmetal.co.rs\/en\/products\/","og_site_name":"Brinmetal","article_modified_time":"2024-07-22T08:15:30+00:00","og_image":[{"url":"https:\/\/www.brinmetal.co.rs\/wp-content\/uploads\/elementor\/thumbs\/alkt-qpei13r1gkv42z9kt11f3a8zzonkl74qj0seywgjb8.jpg"}],"twitter_card":"summary_large_image","twitter_misc":{"Est. reading time":"1 minute"},"schema":{"@context":"https:\/\/schema.org","@graph":[{"@type":"WebPage","@id":"https:\/\/www.brinmetal.co.rs\/en\/products\/","url":"https:\/\/www.brinmetal.co.rs\/en\/products\/","name":"PRODUCTS - Brinmetal","isPartOf":{"@id":"https:\/\/www.brinmetal.co.rs\/#website"},"primaryImageOfPage":{"@id":"https:\/\/www.brinmetal.co.rs\/en\/products\/#primaryimage"},"image":{"@id":"https:\/\/www.brinmetal.co.rs\/en\/products\/#primaryimage"},"thumbnailUrl":"https:\/\/www.brinmetal.co.rs\/wp-content\/uploads\/elementor\/thumbs\/alkt-qpei13r1gkv42z9kt11f3a8zzonkl74qj0seywgjb8.jpg","datePublished":"2024-04-29T12:31:51+00:00","dateModified":"2024-07-22T08:15:30+00:00","breadcrumb":{"@id":"https:\/\/www.brinmetal.co.rs\/en\/products\/#breadcrumb"},"inLanguage":"en-US","potentialAction":[{"@type":"ReadAction","target":["https:\/\/www.brinmetal.co.rs\/en\/products\/"]}]},{"@type":"ImageObject","inLanguage":"en-US","@id":"https:\/\/www.brinmetal.co.rs\/en\/products\/#primaryimage","url":"https:\/\/www.brinmetal.co.rs\/wp-content\/uploads\/elementor\/thumbs\/alkt-qpei13r1gkv42z9kt11f3a8zzonkl74qj0seywgjb8.jpg","contentUrl":"https:\/\/www.brinmetal.co.rs\/wp-content\/uploads\/elementor\/thumbs\/alkt-qpei13r1gkv42z9kt11f3a8zzonkl74qj0seywgjb8.jpg"},{"@type":"BreadcrumbList","@id":"https:\/\/www.brinmetal.co.rs\/en\/products\/#breadcrumb","itemListElement":[{"@type":"ListItem","position":1,"name":"Kezd\u0151lap","item":"https:\/\/www.brinmetal.co.rs\/en\/brinmetal-kkt\/"},{"@type":"ListItem","position":2,"name":"PRODUCTS"}]},{"@type":"WebSite","@id":"https:\/\/www.brinmetal.co.rs\/#website","url":"https:\/\/www.brinmetal.co.rs\/","name":"Brinmetal","description":"Szekcion\u00e1lt gar\u00e1zskapuk, kertkapuk, ker\u00edt\u00e9sek \u00e9s egy\u00e9b ac\u00e9l term\u00e9kek gy\u00e1rt\u00f3ja","publisher":{"@id":"https:\/\/www.brinmetal.co.rs\/#organization"},"potentialAction":[{"@type":"SearchAction","target":{"@type":"EntryPoint","urlTemplate":"https:\/\/www.brinmetal.co.rs\/?s={search_term_string}"},"query-input":{"@type":"PropertyValueSpecification","valueRequired":true,"valueName":"search_term_string"}}],"inLanguage":"en-US"},{"@type":"Organization","@id":"https:\/\/www.brinmetal.co.rs\/#organization","name":"Brinmetal","url":"https:\/\/www.brinmetal.co.rs\/","logo":{"@type":"ImageObject","inLanguage":"en-US","@id":"https:\/\/www.brinmetal.co.rs\/#\/schema\/logo\/image\/","url":"https:\/\/www.brinmetal.co.rs\/wp-content\/uploads\/2024\/03\/brinmm.jpg","contentUrl":"https:\/\/www.brinmetal.co.rs\/wp-content\/uploads\/2024\/03\/brinmm.jpg","width":1445,"height":151,"caption":"Brinmetal"},"image":{"@id":"https:\/\/www.brinmetal.co.rs\/#\/schema\/logo\/image\/"}}]}},"_links":{"self":[{"href":"https:\/\/www.brinmetal.co.rs\/en\/wp-json\/wp\/v2\/pages\/1129"}],"collection":[{"href":"https:\/\/www.brinmetal.co.rs\/en\/wp-json\/wp\/v2\/pages"}],"about":[{"href":"https:\/\/www.brinmetal.co.rs\/en\/wp-json\/wp\/v2\/types\/page"}],"author":[{"embeddable":true,"href":"https:\/\/www.brinmetal.co.rs\/en\/wp-json\/wp\/v2\/users\/1"}],"replies":[{"embeddable":true,"href":"https:\/\/www.brinmetal.co.rs\/en\/wp-json\/wp\/v2\/comments?post=1129"}],"version-history":[{"count":7,"href":"https:\/\/www.brinmetal.co.rs\/en\/wp-json\/wp\/v2\/pages\/1129\/revisions"}],"predecessor-version":[{"id":1820,"href":"https:\/\/www.brinmetal.co.rs\/en\/wp-json\/wp\/v2\/pages\/1129\/revisions\/1820"}],"wp:attachment":[{"href":"https:\/\/www.brinmetal.co.rs\/en\/wp-json\/wp\/v2\/media?parent=1129"}],"curies":[{"name":"wp","href":"https:\/\/api.w.org\/{rel}","templated":true}]}}