{"id":1085,"date":"2024-04-29T09:15:12","date_gmt":"2024-04-29T07:15:12","guid":{"rendered":"https:\/\/www.teszt.fleurdelys.hu\/tipes-of-hardware\/"},"modified":"2024-04-29T14:16:16","modified_gmt":"2024-04-29T12:16:16","slug":"tipes-of-hardware","status":"publish","type":"page","link":"https:\/\/www.brinmetal.co.rs\/en\/tipes-of-hardware\/","title":{"rendered":"TIPES OF HARDWARE"},"content":{"rendered":"\t\t<div data-elementor-type=\"wp-page\" data-elementor-id=\"1085\" class=\"elementor elementor-1085 elementor-811\" data-elementor-post-type=\"page\">\n\t\t\t\t<div class=\"elementor-element elementor-element-5598e94 e-flex e-con-boxed e-con e-parent\" data-id=\"5598e94\" data-element_type=\"container\">\n\t\t\t\t\t<div class=\"e-con-inner\">\n\t\t<div class=\"elementor-element elementor-element-9e53c9b e-con-full e-flex e-con e-child\" data-id=\"9e53c9b\" data-element_type=\"container\">\n\t\t\t\t<div class=\"elementor-element elementor-element-0a28898 aoldal elementor-widget elementor-widget-text-editor\" data-id=\"0a28898\" data-element_type=\"widget\" data-widget_type=\"text-editor.default\">\n\t\t\t\t<div class=\"elementor-widget-container\">\n\t\t\t<style>\/*! elementor - v3.21.0 - 26-05-2024 *\/\n.elementor-widget-text-editor.elementor-drop-cap-view-stacked .elementor-drop-cap{background-color:#69727d;color:#fff}.elementor-widget-text-editor.elementor-drop-cap-view-framed .elementor-drop-cap{color:#69727d;border:3px solid;background-color:transparent}.elementor-widget-text-editor:not(.elementor-drop-cap-view-default) .elementor-drop-cap{margin-top:8px}.elementor-widget-text-editor:not(.elementor-drop-cap-view-default) .elementor-drop-cap-letter{width:1em;height:1em}.elementor-widget-text-editor .elementor-drop-cap{float:left;text-align:center;line-height:1;font-size:50px}.elementor-widget-text-editor .elementor-drop-cap-letter{display:inline-block}<\/style>\t\t\t\t<h5><strong>TIPES OF HARDWARE<\/strong><\/h5>\n<p>There are several types of hardware for sectional garage doors depending on the size and the mounting place of the door. The two main types are the hardware with Tension springs and the hardware with Torsion springs. <\/p>\n<p>In the case of hardware with Tension springs, the springs are placed in the vertical L-profiles on both sides of the garage door. This hardware is more suitable for smaller, residential garage doors which have less space on the sides and above the door (max. opening size: 4000mm wide and 2470mm high).<\/p>\n<p>In the case of hardware with Torsion springs, the springs are placed above the garage door. This demands more place above the door. This type of hardware is suitable for bigger sectional garage doors (for example: 5000mm wide and 4000mm high).<\/p>\n<p>The hardware with torsion springs can be designed with high lifted part (HL), in full vertical position (FV) or in case of little space above the door in lowered position called low head room hardware (LHR).<\/p>\n\t\t\t\t\t\t<\/div>\n\t\t\t\t<\/div>\n\t\t\t\t<div class=\"elementor-element elementor-element-dc18e1e elementor-widget elementor-widget-image\" data-id=\"dc18e1e\" data-element_type=\"widget\" data-widget_type=\"image.default\">\n\t\t\t\t<div class=\"elementor-widget-container\">\n\t\t\t<style>\/*! elementor - v3.21.0 - 26-05-2024 *\/\n.elementor-widget-image{text-align:center}.elementor-widget-image a{display:inline-block}.elementor-widget-image a img[src$=\".svg\"]{width:48px}.elementor-widget-image img{vertical-align:middle;display:inline-block}<\/style>\t\t\t\t\t\t\t\t\t\t<img fetchpriority=\"high\" decoding=\"async\" width=\"600\" height=\"300\" src=\"https:\/\/www.brinmetal.co.rs\/wp-content\/uploads\/2024\/04\/kep30-1.jpg\" class=\"attachment-large size-large wp-image-801\" alt=\"\" srcset=\"https:\/\/www.brinmetal.co.rs\/wp-content\/uploads\/2024\/04\/kep30-1.jpg 600w, https:\/\/www.brinmetal.co.rs\/wp-content\/uploads\/2024\/04\/kep30-1-300x150.jpg 300w\" sizes=\"(max-width: 600px) 100vw, 600px\" \/>\t\t\t\t\t\t\t\t\t\t\t\t\t<\/div>\n\t\t\t\t<\/div>\n\t\t\t\t<\/div>\n\t\t\t\t\t<\/div>\n\t\t\t\t<\/div>\n\t\t<div class=\"elementor-element elementor-element-61ec2ea e-con-full e-flex e-con e-parent\" data-id=\"61ec2ea\" data-element_type=\"container\" data-settings=\"{&quot;background_background&quot;:&quot;classic&quot;}\">\n\t\t<div class=\"elementor-element elementor-element-a1f330f e-con-full e-flex e-con e-child\" data-id=\"a1f330f\" data-element_type=\"container\" data-settings=\"{&quot;background_background&quot;:&quot;classic&quot;}\">\n\t\t\t\t<\/div>\n\t\t<div class=\"elementor-element elementor-element-c853021 e-con-full e-flex e-con e-child\" data-id=\"c853021\" data-element_type=\"container\">\n\t\t\t\t<div class=\"elementor-element elementor-element-64f90a1 elementor-widget elementor-widget-heading\" data-id=\"64f90a1\" data-element_type=\"widget\" data-widget_type=\"heading.default\">\n\t\t\t\t<div class=\"elementor-widget-container\">\n\t\t\t<style>\/*! elementor - v3.21.0 - 26-05-2024 *\/\n.elementor-heading-title{padding:0;margin:0;line-height:1}.elementor-widget-heading .elementor-heading-title[class*=elementor-size-]>a{color:inherit;font-size:inherit;line-height:inherit}.elementor-widget-heading .elementor-heading-title.elementor-size-small{font-size:15px}.elementor-widget-heading .elementor-heading-title.elementor-size-medium{font-size:19px}.elementor-widget-heading .elementor-heading-title.elementor-size-large{font-size:29px}.elementor-widget-heading .elementor-heading-title.elementor-size-xl{font-size:39px}.elementor-widget-heading .elementor-heading-title.elementor-size-xxl{font-size:59px}<\/style><h2 class=\"elementor-heading-title elementor-size-default\">Subscribe to our newsletter!<\/h2>\t\t<\/div>\n\t\t\t\t<\/div>\n\t\t\t\t<div class=\"elementor-element elementor-element-d36e1ef elementor-widget__width-inherit elementor-widget elementor-widget-text-editor\" data-id=\"d36e1ef\" data-element_type=\"widget\" data-widget_type=\"text-editor.default\">\n\t\t\t\t<div class=\"elementor-widget-container\">\n\t\t\t\t\t\t\t<p>Through our newsletter, you can be among the first to learn about our new products, special offers, and exclusive discounts. Don&#8217;t miss out on the latest updates and opportunities. Subscribe now and enjoy the benefits we offer! <\/p>\n\t\t\t\t\t\t<\/div>\n\t\t\t\t<\/div>\n\t\t\t\t<div class=\"elementor-element elementor-element-cc0986f elementor-widget__width-initial elementor-widget-tablet__width-inherit elementor-button-align-stretch elementor-widget elementor-widget-form\" data-id=\"cc0986f\" data-element_type=\"widget\" data-settings=\"{&quot;step_next_label&quot;:&quot;Next&quot;,&quot;step_previous_label&quot;:&quot;Previous&quot;,&quot;button_width&quot;:&quot;30&quot;,&quot;step_type&quot;:&quot;number_text&quot;,&quot;step_icon_shape&quot;:&quot;circle&quot;}\" data-widget_type=\"form.default\">\n\t\t\t\t<div class=\"elementor-widget-container\">\n\t\t\t<style>\/*! elementor-pro - v3.21.0 - 20-05-2024 *\/\n.elementor-button.elementor-hidden,.elementor-hidden{display:none}.e-form__step{width:100%}.e-form__step:not(.elementor-hidden){display:flex;flex-wrap:wrap}.e-form__buttons{flex-wrap:wrap}.e-form__buttons,.e-form__buttons__wrapper{display:flex}.e-form__indicators{display:flex;justify-content:space-between;align-items:center;flex-wrap:nowrap;font-size:13px;margin-bottom:var(--e-form-steps-indicators-spacing)}.e-form__indicators__indicator{display:flex;flex-direction:column;align-items:center;justify-content:center;flex-basis:0;padding:0 var(--e-form-steps-divider-gap)}.e-form__indicators__indicator__progress{width:100%;position:relative;background-color:var(--e-form-steps-indicator-progress-background-color);border-radius:var(--e-form-steps-indicator-progress-border-radius);overflow:hidden}.e-form__indicators__indicator__progress__meter{width:var(--e-form-steps-indicator-progress-meter-width,0);height:var(--e-form-steps-indicator-progress-height);line-height:var(--e-form-steps-indicator-progress-height);padding-right:15px;border-radius:var(--e-form-steps-indicator-progress-border-radius);background-color:var(--e-form-steps-indicator-progress-color);color:var(--e-form-steps-indicator-progress-meter-color);text-align:right;transition:width .1s linear}.e-form__indicators__indicator:first-child{padding-left:0}.e-form__indicators__indicator:last-child{padding-right:0}.e-form__indicators__indicator--state-inactive{color:var(--e-form-steps-indicator-inactive-primary-color,#c2cbd2)}.e-form__indicators__indicator--state-inactive [class*=indicator--shape-]:not(.e-form__indicators__indicator--shape-none){background-color:var(--e-form-steps-indicator-inactive-secondary-color,#fff)}.e-form__indicators__indicator--state-inactive object,.e-form__indicators__indicator--state-inactive svg{fill:var(--e-form-steps-indicator-inactive-primary-color,#c2cbd2)}.e-form__indicators__indicator--state-active{color:var(--e-form-steps-indicator-active-primary-color,#39b54a);border-color:var(--e-form-steps-indicator-active-secondary-color,#fff)}.e-form__indicators__indicator--state-active [class*=indicator--shape-]:not(.e-form__indicators__indicator--shape-none){background-color:var(--e-form-steps-indicator-active-secondary-color,#fff)}.e-form__indicators__indicator--state-active object,.e-form__indicators__indicator--state-active svg{fill:var(--e-form-steps-indicator-active-primary-color,#39b54a)}.e-form__indicators__indicator--state-completed{color:var(--e-form-steps-indicator-completed-secondary-color,#fff)}.e-form__indicators__indicator--state-completed [class*=indicator--shape-]:not(.e-form__indicators__indicator--shape-none){background-color:var(--e-form-steps-indicator-completed-primary-color,#39b54a)}.e-form__indicators__indicator--state-completed .e-form__indicators__indicator__label{color:var(--e-form-steps-indicator-completed-primary-color,#39b54a)}.e-form__indicators__indicator--state-completed .e-form__indicators__indicator--shape-none{color:var(--e-form-steps-indicator-completed-primary-color,#39b54a);background-color:initial}.e-form__indicators__indicator--state-completed object,.e-form__indicators__indicator--state-completed svg{fill:var(--e-form-steps-indicator-completed-secondary-color,#fff)}.e-form__indicators__indicator__icon{width:var(--e-form-steps-indicator-padding,30px);height:var(--e-form-steps-indicator-padding,30px);font-size:var(--e-form-steps-indicator-icon-size);border-width:1px;border-style:solid;display:flex;justify-content:center;align-items:center;overflow:hidden;margin-bottom:10px}.e-form__indicators__indicator__icon img,.e-form__indicators__indicator__icon object,.e-form__indicators__indicator__icon svg{width:var(--e-form-steps-indicator-icon-size);height:auto}.e-form__indicators__indicator__icon .e-font-icon-svg{height:1em}.e-form__indicators__indicator__number{width:var(--e-form-steps-indicator-padding,30px);height:var(--e-form-steps-indicator-padding,30px);border-width:1px;border-style:solid;display:flex;justify-content:center;align-items:center;margin-bottom:10px}.e-form__indicators__indicator--shape-circle{border-radius:50%}.e-form__indicators__indicator--shape-square{border-radius:0}.e-form__indicators__indicator--shape-rounded{border-radius:5px}.e-form__indicators__indicator--shape-none{border:0}.e-form__indicators__indicator__label{text-align:center}.e-form__indicators__indicator__separator{width:100%;height:var(--e-form-steps-divider-width);background-color:#babfc5}.e-form__indicators--type-icon,.e-form__indicators--type-icon_text,.e-form__indicators--type-number,.e-form__indicators--type-number_text{align-items:flex-start}.e-form__indicators--type-icon .e-form__indicators__indicator__separator,.e-form__indicators--type-icon_text .e-form__indicators__indicator__separator,.e-form__indicators--type-number .e-form__indicators__indicator__separator,.e-form__indicators--type-number_text .e-form__indicators__indicator__separator{margin-top:calc(var(--e-form-steps-indicator-padding, 30px) \/ 2 - var(--e-form-steps-divider-width, 1px) \/ 2)}.elementor-field-type-hidden{display:none}.elementor-field-type-html{display:inline-block}.elementor-field-type-tel input{direction:inherit}.elementor-login .elementor-lost-password,.elementor-login .elementor-remember-me{font-size:.85em}.elementor-field-type-recaptcha_v3 .elementor-field-label{display:none}.elementor-field-type-recaptcha_v3 .grecaptcha-badge{z-index:1}.elementor-button .elementor-form-spinner{order:3}.elementor-form .elementor-button>span{display:flex;justify-content:center;align-items:center}.elementor-form .elementor-button .elementor-button-text{white-space:normal;flex-grow:0}.elementor-form .elementor-button svg{height:auto}.elementor-form .elementor-button .e-font-icon-svg{height:1em}.elementor-select-wrapper .select-caret-down-wrapper{position:absolute;top:50%;transform:translateY(-50%);inset-inline-end:10px;pointer-events:none;font-size:11px}.elementor-select-wrapper .select-caret-down-wrapper svg{display:unset;width:1em;aspect-ratio:unset;fill:currentColor}.elementor-select-wrapper .select-caret-down-wrapper i{font-size:19px;line-height:2}.elementor-select-wrapper.remove-before:before{content:\"\"!important}<\/style>\t\t<form class=\"elementor-form\" method=\"post\" name=\"WorkShop\">\n\t\t\t<input type=\"hidden\" name=\"post_id\" value=\"1085\"\/>\n\t\t\t<input type=\"hidden\" name=\"form_id\" value=\"cc0986f\"\/>\n\t\t\t<input type=\"hidden\" name=\"referer_title\" value=\"Brinmetal\" \/>\n\n\t\t\t\n\t\t\t<div class=\"elementor-form-fields-wrapper elementor-labels-\">\n\t\t\t\t\t\t\t\t<div class=\"elementor-field-type-email elementor-field-group elementor-column elementor-field-group-email elementor-col-60 elementor-field-required\">\n\t\t\t\t\t\t\t\t\t\t\t\t<label for=\"form-field-email\" class=\"elementor-field-label elementor-screen-only\">\n\t\t\t\t\t\t\t\tEmail\t\t\t\t\t\t\t<\/label>\n\t\t\t\t\t\t\t\t\t\t\t\t\t\t<input size=\"1\" type=\"email\" name=\"form_fields[email]\" id=\"form-field-email\" class=\"elementor-field elementor-size-sm  elementor-field-textual\" placeholder=\"Your email\" required=\"required\" aria-required=\"true\">\n\t\t\t\t\t\t\t\t\t\t\t<\/div>\n\t\t\t\t\t\t\t\t<div class=\"elementor-field-group elementor-column elementor-field-type-submit elementor-col-30 e-form__buttons\">\n\t\t\t\t\t<button type=\"submit\" class=\"elementor-button elementor-size-sm elementor-animation-grow\">\n\t\t\t\t\t\t<span >\n\t\t\t\t\t\t\t\t\t\t\t\t\t\t\t<span class=\" elementor-button-icon\">\n\t\t\t\t\t\t\t\t\t\t\t\t\t\t\t\t\t\t\t\t\t\t\t\t\t\t<\/span>\n\t\t\t\t\t\t\t\t\t\t\t\t\t\t\t\t\t\t\t\t\t\t<span class=\"elementor-button-text\">Subscription<\/span>\n\t\t\t\t\t\t\t\t\t\t\t\t\t<\/span>\n\t\t\t\t\t<\/button>\n\t\t\t\t<\/div>\n\t\t\t<\/div>\n\t\t<\/form>\n\t\t\t\t<\/div>\n\t\t\t\t<\/div>\n\t\t\t\t<\/div>\n\t\t\t\t<\/div>\n\t\t\t\t<\/div>\n\t\t","protected":false},"excerpt":{"rendered":"<p>TIPES OF HARDWARE There are several types of hardware for sectional garage doors depending on the size and the mounting place of the door. The two main types are the hardware with Tension springs and the hardware with Torsion springs. In the case of hardware with Tension springs, the springs are placed in the vertical [&hellip;]<\/p>\n","protected":false},"author":1,"featured_media":0,"parent":0,"menu_order":0,"comment_status":"closed","ping_status":"closed","template":"","meta":{"footnotes":""},"yoast_head":"<!-- This site is optimized with the Yoast SEO plugin v23.7 - https:\/\/yoast.com\/wordpress\/plugins\/seo\/ -->\n<title>TIPES OF HARDWARE - Brinmetal<\/title>\n<meta name=\"robots\" content=\"index, follow, max-snippet:-1, max-image-preview:large, max-video-preview:-1\" \/>\n<link rel=\"canonical\" href=\"https:\/\/www.brinmetal.co.rs\/en\/tipes-of-hardware\/\" \/>\n<meta property=\"og:locale\" content=\"en_US\" \/>\n<meta property=\"og:type\" content=\"article\" \/>\n<meta property=\"og:title\" content=\"TIPES OF HARDWARE - Brinmetal\" \/>\n<meta property=\"og:description\" content=\"TIPES OF HARDWARE There are several types of hardware for sectional garage doors depending on the size and the mounting place of the door. The two main types are the hardware with Tension springs and the hardware with Torsion springs. In the case of hardware with Tension springs, the springs are placed in the vertical [&hellip;]\" \/>\n<meta property=\"og:url\" content=\"https:\/\/www.brinmetal.co.rs\/en\/tipes-of-hardware\/\" \/>\n<meta property=\"og:site_name\" content=\"Brinmetal\" \/>\n<meta property=\"article:modified_time\" content=\"2024-04-29T12:16:16+00:00\" \/>\n<meta property=\"og:image\" content=\"https:\/\/www.teszt.fleurdelys.hu\/wp-content\/uploads\/2024\/04\/kep30-1.jpg\" \/>\n<meta name=\"twitter:card\" content=\"summary_large_image\" \/>\n<meta name=\"twitter:label1\" content=\"Est. reading time\" \/>\n\t<meta name=\"twitter:data1\" content=\"1 minute\" \/>\n<script type=\"application\/ld+json\" class=\"yoast-schema-graph\">{\"@context\":\"https:\/\/schema.org\",\"@graph\":[{\"@type\":\"WebPage\",\"@id\":\"https:\/\/www.brinmetal.co.rs\/en\/tipes-of-hardware\/\",\"url\":\"https:\/\/www.brinmetal.co.rs\/en\/tipes-of-hardware\/\",\"name\":\"TIPES OF HARDWARE - Brinmetal\",\"isPartOf\":{\"@id\":\"https:\/\/www.brinmetal.co.rs\/#website\"},\"primaryImageOfPage\":{\"@id\":\"https:\/\/www.brinmetal.co.rs\/en\/tipes-of-hardware\/#primaryimage\"},\"image\":{\"@id\":\"https:\/\/www.brinmetal.co.rs\/en\/tipes-of-hardware\/#primaryimage\"},\"thumbnailUrl\":\"https:\/\/www.teszt.fleurdelys.hu\/wp-content\/uploads\/2024\/04\/kep30-1.jpg\",\"datePublished\":\"2024-04-29T07:15:12+00:00\",\"dateModified\":\"2024-04-29T12:16:16+00:00\",\"breadcrumb\":{\"@id\":\"https:\/\/www.brinmetal.co.rs\/en\/tipes-of-hardware\/#breadcrumb\"},\"inLanguage\":\"en-US\",\"potentialAction\":[{\"@type\":\"ReadAction\",\"target\":[\"https:\/\/www.brinmetal.co.rs\/en\/tipes-of-hardware\/\"]}]},{\"@type\":\"ImageObject\",\"inLanguage\":\"en-US\",\"@id\":\"https:\/\/www.brinmetal.co.rs\/en\/tipes-of-hardware\/#primaryimage\",\"url\":\"https:\/\/www.teszt.fleurdelys.hu\/wp-content\/uploads\/2024\/04\/kep30-1.jpg\",\"contentUrl\":\"https:\/\/www.teszt.fleurdelys.hu\/wp-content\/uploads\/2024\/04\/kep30-1.jpg\"},{\"@type\":\"BreadcrumbList\",\"@id\":\"https:\/\/www.brinmetal.co.rs\/en\/tipes-of-hardware\/#breadcrumb\",\"itemListElement\":[{\"@type\":\"ListItem\",\"position\":1,\"name\":\"Kezd\u0151lap\",\"item\":\"https:\/\/www.brinmetal.co.rs\/en\/brinmetal-kkt\/\"},{\"@type\":\"ListItem\",\"position\":2,\"name\":\"TIPES OF HARDWARE\"}]},{\"@type\":\"WebSite\",\"@id\":\"https:\/\/www.brinmetal.co.rs\/#website\",\"url\":\"https:\/\/www.brinmetal.co.rs\/\",\"name\":\"Brinmetal\",\"description\":\"Szekcion\u00e1lt gar\u00e1zskapuk, kertkapuk, ker\u00edt\u00e9sek \u00e9s egy\u00e9b ac\u00e9l term\u00e9kek gy\u00e1rt\u00f3ja\",\"publisher\":{\"@id\":\"https:\/\/www.brinmetal.co.rs\/#organization\"},\"potentialAction\":[{\"@type\":\"SearchAction\",\"target\":{\"@type\":\"EntryPoint\",\"urlTemplate\":\"https:\/\/www.brinmetal.co.rs\/?s={search_term_string}\"},\"query-input\":{\"@type\":\"PropertyValueSpecification\",\"valueRequired\":true,\"valueName\":\"search_term_string\"}}],\"inLanguage\":\"en-US\"},{\"@type\":\"Organization\",\"@id\":\"https:\/\/www.brinmetal.co.rs\/#organization\",\"name\":\"Brinmetal\",\"url\":\"https:\/\/www.brinmetal.co.rs\/\",\"logo\":{\"@type\":\"ImageObject\",\"inLanguage\":\"en-US\",\"@id\":\"https:\/\/www.brinmetal.co.rs\/#\/schema\/logo\/image\/\",\"url\":\"https:\/\/www.brinmetal.co.rs\/wp-content\/uploads\/2024\/03\/brinmm.jpg\",\"contentUrl\":\"https:\/\/www.brinmetal.co.rs\/wp-content\/uploads\/2024\/03\/brinmm.jpg\",\"width\":1445,\"height\":151,\"caption\":\"Brinmetal\"},\"image\":{\"@id\":\"https:\/\/www.brinmetal.co.rs\/#\/schema\/logo\/image\/\"}}]}<\/script>\n<!-- \/ Yoast SEO plugin. -->","yoast_head_json":{"title":"TIPES OF HARDWARE - Brinmetal","robots":{"index":"index","follow":"follow","max-snippet":"max-snippet:-1","max-image-preview":"max-image-preview:large","max-video-preview":"max-video-preview:-1"},"canonical":"https:\/\/www.brinmetal.co.rs\/en\/tipes-of-hardware\/","og_locale":"en_US","og_type":"article","og_title":"TIPES OF HARDWARE - Brinmetal","og_description":"TIPES OF HARDWARE There are several types of hardware for sectional garage doors depending on the size and the mounting place of the door. The two main types are the hardware with Tension springs and the hardware with Torsion springs. In the case of hardware with Tension springs, the springs are placed in the vertical [&hellip;]","og_url":"https:\/\/www.brinmetal.co.rs\/en\/tipes-of-hardware\/","og_site_name":"Brinmetal","article_modified_time":"2024-04-29T12:16:16+00:00","og_image":[{"url":"https:\/\/www.teszt.fleurdelys.hu\/wp-content\/uploads\/2024\/04\/kep30-1.jpg"}],"twitter_card":"summary_large_image","twitter_misc":{"Est. reading time":"1 minute"},"schema":{"@context":"https:\/\/schema.org","@graph":[{"@type":"WebPage","@id":"https:\/\/www.brinmetal.co.rs\/en\/tipes-of-hardware\/","url":"https:\/\/www.brinmetal.co.rs\/en\/tipes-of-hardware\/","name":"TIPES OF HARDWARE - Brinmetal","isPartOf":{"@id":"https:\/\/www.brinmetal.co.rs\/#website"},"primaryImageOfPage":{"@id":"https:\/\/www.brinmetal.co.rs\/en\/tipes-of-hardware\/#primaryimage"},"image":{"@id":"https:\/\/www.brinmetal.co.rs\/en\/tipes-of-hardware\/#primaryimage"},"thumbnailUrl":"https:\/\/www.teszt.fleurdelys.hu\/wp-content\/uploads\/2024\/04\/kep30-1.jpg","datePublished":"2024-04-29T07:15:12+00:00","dateModified":"2024-04-29T12:16:16+00:00","breadcrumb":{"@id":"https:\/\/www.brinmetal.co.rs\/en\/tipes-of-hardware\/#breadcrumb"},"inLanguage":"en-US","potentialAction":[{"@type":"ReadAction","target":["https:\/\/www.brinmetal.co.rs\/en\/tipes-of-hardware\/"]}]},{"@type":"ImageObject","inLanguage":"en-US","@id":"https:\/\/www.brinmetal.co.rs\/en\/tipes-of-hardware\/#primaryimage","url":"https:\/\/www.teszt.fleurdelys.hu\/wp-content\/uploads\/2024\/04\/kep30-1.jpg","contentUrl":"https:\/\/www.teszt.fleurdelys.hu\/wp-content\/uploads\/2024\/04\/kep30-1.jpg"},{"@type":"BreadcrumbList","@id":"https:\/\/www.brinmetal.co.rs\/en\/tipes-of-hardware\/#breadcrumb","itemListElement":[{"@type":"ListItem","position":1,"name":"Kezd\u0151lap","item":"https:\/\/www.brinmetal.co.rs\/en\/brinmetal-kkt\/"},{"@type":"ListItem","position":2,"name":"TIPES OF HARDWARE"}]},{"@type":"WebSite","@id":"https:\/\/www.brinmetal.co.rs\/#website","url":"https:\/\/www.brinmetal.co.rs\/","name":"Brinmetal","description":"Szekcion\u00e1lt gar\u00e1zskapuk, kertkapuk, ker\u00edt\u00e9sek \u00e9s egy\u00e9b ac\u00e9l term\u00e9kek gy\u00e1rt\u00f3ja","publisher":{"@id":"https:\/\/www.brinmetal.co.rs\/#organization"},"potentialAction":[{"@type":"SearchAction","target":{"@type":"EntryPoint","urlTemplate":"https:\/\/www.brinmetal.co.rs\/?s={search_term_string}"},"query-input":{"@type":"PropertyValueSpecification","valueRequired":true,"valueName":"search_term_string"}}],"inLanguage":"en-US"},{"@type":"Organization","@id":"https:\/\/www.brinmetal.co.rs\/#organization","name":"Brinmetal","url":"https:\/\/www.brinmetal.co.rs\/","logo":{"@type":"ImageObject","inLanguage":"en-US","@id":"https:\/\/www.brinmetal.co.rs\/#\/schema\/logo\/image\/","url":"https:\/\/www.brinmetal.co.rs\/wp-content\/uploads\/2024\/03\/brinmm.jpg","contentUrl":"https:\/\/www.brinmetal.co.rs\/wp-content\/uploads\/2024\/03\/brinmm.jpg","width":1445,"height":151,"caption":"Brinmetal"},"image":{"@id":"https:\/\/www.brinmetal.co.rs\/#\/schema\/logo\/image\/"}}]}},"_links":{"self":[{"href":"https:\/\/www.brinmetal.co.rs\/en\/wp-json\/wp\/v2\/pages\/1085"}],"collection":[{"href":"https:\/\/www.brinmetal.co.rs\/en\/wp-json\/wp\/v2\/pages"}],"about":[{"href":"https:\/\/www.brinmetal.co.rs\/en\/wp-json\/wp\/v2\/types\/page"}],"author":[{"embeddable":true,"href":"https:\/\/www.brinmetal.co.rs\/en\/wp-json\/wp\/v2\/users\/1"}],"replies":[{"embeddable":true,"href":"https:\/\/www.brinmetal.co.rs\/en\/wp-json\/wp\/v2\/comments?post=1085"}],"version-history":[{"count":1,"href":"https:\/\/www.brinmetal.co.rs\/en\/wp-json\/wp\/v2\/pages\/1085\/revisions"}],"predecessor-version":[{"id":1086,"href":"https:\/\/www.brinmetal.co.rs\/en\/wp-json\/wp\/v2\/pages\/1085\/revisions\/1086"}],"wp:attachment":[{"href":"https:\/\/www.brinmetal.co.rs\/en\/wp-json\/wp\/v2\/media?parent=1085"}],"curies":[{"name":"wp","href":"https:\/\/api.w.org\/{rel}","templated":true}]}}