{"id":1073,"date":"2024-04-28T20:28:28","date_gmt":"2024-04-28T18:28:28","guid":{"rendered":"https:\/\/www.teszt.fleurdelys.hu\/production-of-hardware-and-wholesale\/"},"modified":"2024-04-29T13:44:28","modified_gmt":"2024-04-29T11:44:28","slug":"production-of-hardware-and-wholesale","status":"publish","type":"page","link":"https:\/\/www.brinmetal.co.rs\/en\/production-of-hardware-and-wholesale\/","title":{"rendered":"PRODUCTION OF HARDWARE AND WHOLESALE"},"content":{"rendered":"\t\t<div data-elementor-type=\"wp-page\" data-elementor-id=\"1073\" class=\"elementor elementor-1073 elementor-633\" data-elementor-post-type=\"page\">\n\t\t\t\t<div class=\"elementor-element elementor-element-12aca77 e-flex e-con-boxed e-con e-parent\" data-id=\"12aca77\" data-element_type=\"container\">\n\t\t\t\t\t<div class=\"e-con-inner\">\n\t\t<div class=\"elementor-element elementor-element-92d4725 e-con-full e-flex e-con e-child\" data-id=\"92d4725\" data-element_type=\"container\">\n\t\t<div class=\"elementor-element elementor-element-f02902e e-flex e-con-boxed e-con e-child\" data-id=\"f02902e\" data-element_type=\"container\">\n\t\t\t\t\t<div class=\"e-con-inner\">\n\t\t\t\t<div class=\"elementor-element elementor-element-fe223f3 elementor-widget elementor-widget-image\" data-id=\"fe223f3\" data-element_type=\"widget\" data-widget_type=\"image.default\">\n\t\t\t\t<div class=\"elementor-widget-container\">\n\t\t\t<style>\/*! elementor - v3.21.0 - 26-05-2024 *\/\n.elementor-widget-image{text-align:center}.elementor-widget-image a{display:inline-block}.elementor-widget-image a img[src$=\".svg\"]{width:48px}.elementor-widget-image img{vertical-align:middle;display:inline-block}<\/style>\t\t\t\t\t\t\t\t\t\t<img fetchpriority=\"high\" decoding=\"async\" width=\"739\" height=\"145\" src=\"https:\/\/www.brinmetal.co.rs\/wp-content\/uploads\/2024\/04\/bnr.jpg\" class=\"attachment-full size-full wp-image-634\" alt=\"\" srcset=\"https:\/\/www.brinmetal.co.rs\/wp-content\/uploads\/2024\/04\/bnr.jpg 739w, https:\/\/www.brinmetal.co.rs\/wp-content\/uploads\/2024\/04\/bnr-300x59.jpg 300w, https:\/\/www.brinmetal.co.rs\/wp-content\/uploads\/2024\/04\/bnr-600x118.jpg 600w\" sizes=\"(max-width: 739px) 100vw, 739px\" \/>\t\t\t\t\t\t\t\t\t\t\t\t\t<\/div>\n\t\t\t\t<\/div>\n\t\t\t\t<div class=\"elementor-element elementor-element-601aecd elementor-widget__width-initial elementor-absolute elementor-hidden-tablet elementor-hidden-mobile elementor-widget elementor-widget-elementskit-heading\" data-id=\"601aecd\" data-element_type=\"widget\" data-settings=\"{&quot;_position&quot;:&quot;absolute&quot;}\" data-widget_type=\"elementskit-heading.default\">\n\t\t\t\t<div class=\"elementor-widget-container\">\n\t\t\t<div class=\"ekit-wid-con\" ><div class=\"ekit-heading elementskit-section-title-wraper text_center   ekit_heading_tablet-   ekit_heading_mobile-\"><h2 class=\"ekit-heading--title elementskit-section-title \">30<\/h2><h3 class=\"ekit-heading--subtitle elementskit-section-subtitle  \">\n\t\t\t\t\t\tyears of international sales experience\n\t\t\t\t\t<\/h3><\/div><\/div>\t\t<\/div>\n\t\t\t\t<\/div>\n\t\t\t\t\t<\/div>\n\t\t\t\t<\/div>\n\t\t\t\t<div class=\"elementor-element elementor-element-608151f aoldal elementor-widget elementor-widget-text-editor\" data-id=\"608151f\" data-element_type=\"widget\" data-widget_type=\"text-editor.default\">\n\t\t\t\t<div class=\"elementor-widget-container\">\n\t\t\t<style>\/*! elementor - v3.21.0 - 26-05-2024 *\/\n.elementor-widget-text-editor.elementor-drop-cap-view-stacked .elementor-drop-cap{background-color:#69727d;color:#fff}.elementor-widget-text-editor.elementor-drop-cap-view-framed .elementor-drop-cap{color:#69727d;border:3px solid;background-color:transparent}.elementor-widget-text-editor:not(.elementor-drop-cap-view-default) .elementor-drop-cap{margin-top:8px}.elementor-widget-text-editor:not(.elementor-drop-cap-view-default) .elementor-drop-cap-letter{width:1em;height:1em}.elementor-widget-text-editor .elementor-drop-cap{float:left;text-align:center;line-height:1;font-size:50px}.elementor-widget-text-editor .elementor-drop-cap-letter{display:inline-block}<\/style>\t\t\t\t<h5><strong>PRODUCTION OF HARDWARE AND WHOLESALE<\/strong><\/h5>\n<p>At the BRINMETAL Kkt. the main focus is on the production of parts from steel sheets and other kind of raw material. For more than 3 decades we are present on the market of sectional garage doors with our hardware profiles and small parts for garage doors. Thanks to the quality of our products, we managed to sell our products in several countries within the EU just as well outside of it.  <\/p>\n<p>Beside the above-mentioned production, we make steel products for different customers from Hungary and abroad as well.<br \/><span style=\"text-align: var(--text-align); color: var( --e-global-color-e5e9561 ); font-family: var( --e-global-typography-text-font-family ), Sans-serif; font-size: var( --e-global-typography-text-font-size );\"><br \/><strong>If you are in the garage door business feel free to contact us <\/strong> because<\/span><span style=\"text-align: var(--text-align); color: var( --e-global-color-e5e9561 ); font-family: var( --e-global-typography-text-font-family ), Sans-serif; font-size: var( --e-global-typography-text-font-size );\">we are continuously building <\/span><span style=\"text-align: var(--text-align); color: var( --e-global-color-e5e9561 ); font-family: var( --e-global-typography-text-font-family ), Sans-serif; font-size: var( --e-global-typography-text-font-size );\">our wholesale network.<\/span><\/p>\n\t\t\t\t\t\t<\/div>\n\t\t\t\t<\/div>\n\t\t\t\t<\/div>\n\t\t\t\t\t<\/div>\n\t\t\t\t<\/div>\n\t\t<div class=\"elementor-element elementor-element-a4663f0 e-flex e-con-boxed e-con e-parent\" data-id=\"a4663f0\" data-element_type=\"container\" data-settings=\"{&quot;background_background&quot;:&quot;classic&quot;}\">\n\t\t\t\t\t<div class=\"e-con-inner\">\n\t\t<div class=\"elementor-element elementor-element-4aecb2b e-con-full e-flex e-con e-child\" data-id=\"4aecb2b\" data-element_type=\"container\">\n\t\t\t\t<div class=\"elementor-element elementor-element-bcf2bca ekit-equal-height-enable elementor-widget elementor-widget-elementskit-image-box\" data-id=\"bcf2bca\" data-element_type=\"widget\" data-widget_type=\"elementskit-image-box.default\">\n\t\t\t\t<div class=\"elementor-widget-container\">\n\t\t\t<div class=\"ekit-wid-con\" >\n            <div class=\"elementskit-info-image-box ekit-image-box text-center simple-card\" >\n\n                <a href=\"https:\/\/www.teszt.fleurdelys.hu\/szekcionalt-garazskapu-vasalatok-gyartasa\/\">\n                <div class=\"elementskit-box-header image-box-img-center\">\n\n                    <img decoding=\"async\" width=\"800\" height=\"450\" src=\"https:\/\/www.brinmetal.co.rs\/wp-content\/uploads\/2024\/04\/kep6-1-1024x576.jpg\" class=\"attachment-large size-large wp-image-636\" alt=\"\" srcset=\"https:\/\/www.brinmetal.co.rs\/wp-content\/uploads\/2024\/04\/kep6-1-1024x576.jpg 1024w, https:\/\/www.brinmetal.co.rs\/wp-content\/uploads\/2024\/04\/kep6-1-300x169.jpg 300w, https:\/\/www.brinmetal.co.rs\/wp-content\/uploads\/2024\/04\/kep6-1-768x432.jpg 768w, https:\/\/www.brinmetal.co.rs\/wp-content\/uploads\/2024\/04\/kep6-1-1536x864.jpg 1536w, https:\/\/www.brinmetal.co.rs\/wp-content\/uploads\/2024\/04\/kep6-1-600x338.jpg 600w, https:\/\/www.brinmetal.co.rs\/wp-content\/uploads\/2024\/04\/kep6-1.jpg 2048w\" sizes=\"(max-width: 800px) 100vw, 800px\" \/>\n                <\/div>\n                <\/a>\n                <div class=\"elementskit-box-body ekit-image-box-body\">\n                    <div class=\"elementskit-box-content ekit-image-box-body-inner\">\n                                                <h4 class=\"elementskit-info-box-title\">\n\n                        PRODUCTION OF HARDWARE FOR SECTIONAL GARAGE DOORS\n                        \n                    <\/h4>\n                                                        <\/div>\n\n                            <\/div>\n            <\/div>\n    <\/div>\t\t<\/div>\n\t\t\t\t<\/div>\n\t\t\t\t<\/div>\n\t\t<div class=\"elementor-element elementor-element-516a994 e-con-full e-flex e-con e-child\" data-id=\"516a994\" data-element_type=\"container\">\n\t\t\t\t<div class=\"elementor-element elementor-element-493aa56 ekit-equal-height-enable elementor-widget elementor-widget-elementskit-image-box\" data-id=\"493aa56\" data-element_type=\"widget\" data-widget_type=\"elementskit-image-box.default\">\n\t\t\t\t<div class=\"elementor-widget-container\">\n\t\t\t<div class=\"ekit-wid-con\" >\n            <div class=\"elementskit-info-image-box ekit-image-box text-center simple-card\" >\n\n                <a href=\"https:\/\/www.teszt.fleurdelys.hu\/szekcionalt-garazskapu-alkatreszek-gyartasa\/\">\n                <div class=\"elementskit-box-header image-box-img-center\">\n\n                    <img decoding=\"async\" width=\"800\" height=\"450\" src=\"https:\/\/www.brinmetal.co.rs\/wp-content\/uploads\/2024\/04\/kep7-1024x576.png\" class=\"attachment-large size-large wp-image-638\" alt=\"\" srcset=\"https:\/\/www.brinmetal.co.rs\/wp-content\/uploads\/2024\/04\/kep7-1024x576.png 1024w, https:\/\/www.brinmetal.co.rs\/wp-content\/uploads\/2024\/04\/kep7-300x169.png 300w, https:\/\/www.brinmetal.co.rs\/wp-content\/uploads\/2024\/04\/kep7-768x432.png 768w, https:\/\/www.brinmetal.co.rs\/wp-content\/uploads\/2024\/04\/kep7-1536x864.png 1536w, https:\/\/www.brinmetal.co.rs\/wp-content\/uploads\/2024\/04\/kep7-600x338.png 600w, https:\/\/www.brinmetal.co.rs\/wp-content\/uploads\/2024\/04\/kep7.png 2048w\" sizes=\"(max-width: 800px) 100vw, 800px\" \/>\n                <\/div>\n                <\/a>\n                <div class=\"elementskit-box-body ekit-image-box-body\">\n                    <div class=\"elementskit-box-content ekit-image-box-body-inner\">\n                                                <h4 class=\"elementskit-info-box-title\">\n\n                        PRODUCTION OF DIFFERENT PARTS FOR GARAGE DOORS\n                        \n                    <\/h4>\n                                                        <\/div>\n\n                            <\/div>\n            <\/div>\n    <\/div>\t\t<\/div>\n\t\t\t\t<\/div>\n\t\t\t\t<\/div>\n\t\t<div class=\"elementor-element elementor-element-60544d8 e-con-full e-flex e-con e-child\" data-id=\"60544d8\" data-element_type=\"container\">\n\t\t\t\t<div class=\"elementor-element elementor-element-8f76d1c ekit-equal-height-enable elementor-widget elementor-widget-elementskit-image-box\" data-id=\"8f76d1c\" data-element_type=\"widget\" data-widget_type=\"elementskit-image-box.default\">\n\t\t\t\t<div class=\"elementor-widget-container\">\n\t\t\t<div class=\"ekit-wid-con\" >\n            <div class=\"elementskit-info-image-box ekit-image-box text-center simple-card\" >\n\n                <a href=\"https:\/\/www.teszt.fleurdelys.hu\/acel-keriteslecek-gyartasa\/\">\n                <div class=\"elementskit-box-header image-box-img-center\">\n\n                    <img decoding=\"async\" src=\"https:\/\/www.brinmetal.co.rs\/wp-content\/uploads\/elementor\/thumbs\/kesz-qpeib7ikxgoxrx947vlx9ghvsc8kil929nvv6qufnu.jpg\" title=\"kesz\" alt=\"kesz\" loading=\"lazy\" \/>\n                <\/div>\n                <\/a>\n                <div class=\"elementskit-box-body ekit-image-box-body\">\n                    <div class=\"elementskit-box-content ekit-image-box-body-inner\">\n                                                <h4 class=\"elementskit-info-box-title\">\n\n                        PRODUCTION OF STEEL FENCE RAILS\n                        \n                    <\/h4>\n                                                        <\/div>\n\n                            <\/div>\n            <\/div>\n    <\/div>\t\t<\/div>\n\t\t\t\t<\/div>\n\t\t\t\t<\/div>\n\t\t<div class=\"elementor-element elementor-element-150fb7e e-con-full e-flex e-con e-child\" data-id=\"150fb7e\" data-element_type=\"container\">\n\t\t\t\t<div class=\"elementor-element elementor-element-4c9186c ekit-equal-height-enable elementor-widget elementor-widget-elementskit-image-box\" data-id=\"4c9186c\" data-element_type=\"widget\" data-widget_type=\"elementskit-image-box.default\">\n\t\t\t\t<div class=\"elementor-widget-container\">\n\t\t\t<div class=\"ekit-wid-con\" >\n            <div class=\"elementskit-info-image-box ekit-image-box text-center simple-card\" >\n\n                <a href=\"https:\/\/www.teszt.fleurdelys.hu\/kiegeszitok-es-alkatreszek-forgalmazasa\/\">\n                <div class=\"elementskit-box-header image-box-img-center\">\n\n                    <img loading=\"lazy\" decoding=\"async\" width=\"800\" height=\"450\" src=\"https:\/\/www.brinmetal.co.rs\/wp-content\/uploads\/2024\/04\/kep9-1024x576.png\" class=\"attachment-large size-large wp-image-640\" alt=\"\" srcset=\"https:\/\/www.brinmetal.co.rs\/wp-content\/uploads\/2024\/04\/kep9-1024x576.png 1024w, https:\/\/www.brinmetal.co.rs\/wp-content\/uploads\/2024\/04\/kep9-300x169.png 300w, https:\/\/www.brinmetal.co.rs\/wp-content\/uploads\/2024\/04\/kep9-768x432.png 768w, https:\/\/www.brinmetal.co.rs\/wp-content\/uploads\/2024\/04\/kep9-1536x864.png 1536w, https:\/\/www.brinmetal.co.rs\/wp-content\/uploads\/2024\/04\/kep9-600x338.png 600w, https:\/\/www.brinmetal.co.rs\/wp-content\/uploads\/2024\/04\/kep9.png 2048w\" sizes=\"(max-width: 800px) 100vw, 800px\" \/>\n                <\/div>\n                <\/a>\n                <div class=\"elementskit-box-body ekit-image-box-body\">\n                    <div class=\"elementskit-box-content ekit-image-box-body-inner\">\n                                                <h4 class=\"elementskit-info-box-title\">\n\n                        WHOLESALE OF PARTS FOR SECTIONAL GARAGE DOORS, GATES AND FENCES\n                        \n                    <\/h4>\n                                                        <\/div>\n\n                            <\/div>\n            <\/div>\n    <\/div>\t\t<\/div>\n\t\t\t\t<\/div>\n\t\t\t\t<\/div>\n\t\t\t\t\t<\/div>\n\t\t\t\t<\/div>\n\t\t\t\t<\/div>\n\t\t","protected":false},"excerpt":{"rendered":"<p>30 years of international sales experience PRODUCTION OF HARDWARE AND WHOLESALE At the BRINMETAL Kkt. the main focus is on the production of parts from steel sheets and other kind of raw material. For more than 3 decades we are present on the market of sectional garage doors with our hardware profiles and small parts [&hellip;]<\/p>\n","protected":false},"author":1,"featured_media":0,"parent":0,"menu_order":0,"comment_status":"closed","ping_status":"closed","template":"","meta":{"footnotes":""},"yoast_head":"<!-- This site is optimized with the Yoast SEO plugin v23.7 - https:\/\/yoast.com\/wordpress\/plugins\/seo\/ -->\n<title>PRODUCTION OF HARDWARE AND WHOLESALE - Brinmetal<\/title>\n<meta name=\"robots\" content=\"index, follow, max-snippet:-1, max-image-preview:large, max-video-preview:-1\" \/>\n<link rel=\"canonical\" href=\"https:\/\/www.brinmetal.co.rs\/en\/production-of-hardware-and-wholesale\/\" \/>\n<meta property=\"og:locale\" content=\"en_US\" \/>\n<meta property=\"og:type\" content=\"article\" \/>\n<meta property=\"og:title\" content=\"PRODUCTION OF HARDWARE AND WHOLESALE - Brinmetal\" \/>\n<meta property=\"og:description\" content=\"30 years of international sales experience PRODUCTION OF HARDWARE AND WHOLESALE At the BRINMETAL Kkt. the main focus is on the production of parts from steel sheets and other kind of raw material. For more than 3 decades we are present on the market of sectional garage doors with our hardware profiles and small parts [&hellip;]\" \/>\n<meta property=\"og:url\" content=\"https:\/\/www.brinmetal.co.rs\/en\/production-of-hardware-and-wholesale\/\" \/>\n<meta property=\"og:site_name\" content=\"Brinmetal\" \/>\n<meta property=\"article:modified_time\" content=\"2024-04-29T11:44:28+00:00\" \/>\n<meta property=\"og:image\" content=\"https:\/\/www.teszt.fleurdelys.hu\/wp-content\/uploads\/2024\/04\/bnr.jpg\" \/>\n<meta name=\"twitter:card\" content=\"summary_large_image\" \/>\n<meta name=\"twitter:label1\" content=\"Est. reading time\" \/>\n\t<meta name=\"twitter:data1\" content=\"1 minute\" \/>\n<script type=\"application\/ld+json\" class=\"yoast-schema-graph\">{\"@context\":\"https:\/\/schema.org\",\"@graph\":[{\"@type\":\"WebPage\",\"@id\":\"https:\/\/www.brinmetal.co.rs\/en\/production-of-hardware-and-wholesale\/\",\"url\":\"https:\/\/www.brinmetal.co.rs\/en\/production-of-hardware-and-wholesale\/\",\"name\":\"PRODUCTION OF HARDWARE AND WHOLESALE - Brinmetal\",\"isPartOf\":{\"@id\":\"https:\/\/www.brinmetal.co.rs\/#website\"},\"primaryImageOfPage\":{\"@id\":\"https:\/\/www.brinmetal.co.rs\/en\/production-of-hardware-and-wholesale\/#primaryimage\"},\"image\":{\"@id\":\"https:\/\/www.brinmetal.co.rs\/en\/production-of-hardware-and-wholesale\/#primaryimage\"},\"thumbnailUrl\":\"https:\/\/www.teszt.fleurdelys.hu\/wp-content\/uploads\/2024\/04\/bnr.jpg\",\"datePublished\":\"2024-04-28T18:28:28+00:00\",\"dateModified\":\"2024-04-29T11:44:28+00:00\",\"breadcrumb\":{\"@id\":\"https:\/\/www.brinmetal.co.rs\/en\/production-of-hardware-and-wholesale\/#breadcrumb\"},\"inLanguage\":\"en-US\",\"potentialAction\":[{\"@type\":\"ReadAction\",\"target\":[\"https:\/\/www.brinmetal.co.rs\/en\/production-of-hardware-and-wholesale\/\"]}]},{\"@type\":\"ImageObject\",\"inLanguage\":\"en-US\",\"@id\":\"https:\/\/www.brinmetal.co.rs\/en\/production-of-hardware-and-wholesale\/#primaryimage\",\"url\":\"https:\/\/www.teszt.fleurdelys.hu\/wp-content\/uploads\/2024\/04\/bnr.jpg\",\"contentUrl\":\"https:\/\/www.teszt.fleurdelys.hu\/wp-content\/uploads\/2024\/04\/bnr.jpg\"},{\"@type\":\"BreadcrumbList\",\"@id\":\"https:\/\/www.brinmetal.co.rs\/en\/production-of-hardware-and-wholesale\/#breadcrumb\",\"itemListElement\":[{\"@type\":\"ListItem\",\"position\":1,\"name\":\"Kezd\u0151lap\",\"item\":\"https:\/\/www.brinmetal.co.rs\/en\/brinmetal-kkt\/\"},{\"@type\":\"ListItem\",\"position\":2,\"name\":\"PRODUCTION OF HARDWARE AND WHOLESALE\"}]},{\"@type\":\"WebSite\",\"@id\":\"https:\/\/www.brinmetal.co.rs\/#website\",\"url\":\"https:\/\/www.brinmetal.co.rs\/\",\"name\":\"Brinmetal\",\"description\":\"Szekcion\u00e1lt gar\u00e1zskapuk, kertkapuk, ker\u00edt\u00e9sek \u00e9s egy\u00e9b ac\u00e9l term\u00e9kek gy\u00e1rt\u00f3ja\",\"publisher\":{\"@id\":\"https:\/\/www.brinmetal.co.rs\/#organization\"},\"potentialAction\":[{\"@type\":\"SearchAction\",\"target\":{\"@type\":\"EntryPoint\",\"urlTemplate\":\"https:\/\/www.brinmetal.co.rs\/?s={search_term_string}\"},\"query-input\":{\"@type\":\"PropertyValueSpecification\",\"valueRequired\":true,\"valueName\":\"search_term_string\"}}],\"inLanguage\":\"en-US\"},{\"@type\":\"Organization\",\"@id\":\"https:\/\/www.brinmetal.co.rs\/#organization\",\"name\":\"Brinmetal\",\"url\":\"https:\/\/www.brinmetal.co.rs\/\",\"logo\":{\"@type\":\"ImageObject\",\"inLanguage\":\"en-US\",\"@id\":\"https:\/\/www.brinmetal.co.rs\/#\/schema\/logo\/image\/\",\"url\":\"https:\/\/www.brinmetal.co.rs\/wp-content\/uploads\/2024\/03\/brinmm.jpg\",\"contentUrl\":\"https:\/\/www.brinmetal.co.rs\/wp-content\/uploads\/2024\/03\/brinmm.jpg\",\"width\":1445,\"height\":151,\"caption\":\"Brinmetal\"},\"image\":{\"@id\":\"https:\/\/www.brinmetal.co.rs\/#\/schema\/logo\/image\/\"}}]}<\/script>\n<!-- \/ Yoast SEO plugin. -->","yoast_head_json":{"title":"PRODUCTION OF HARDWARE AND WHOLESALE - Brinmetal","robots":{"index":"index","follow":"follow","max-snippet":"max-snippet:-1","max-image-preview":"max-image-preview:large","max-video-preview":"max-video-preview:-1"},"canonical":"https:\/\/www.brinmetal.co.rs\/en\/production-of-hardware-and-wholesale\/","og_locale":"en_US","og_type":"article","og_title":"PRODUCTION OF HARDWARE AND WHOLESALE - Brinmetal","og_description":"30 years of international sales experience PRODUCTION OF HARDWARE AND WHOLESALE At the BRINMETAL Kkt. the main focus is on the production of parts from steel sheets and other kind of raw material. For more than 3 decades we are present on the market of sectional garage doors with our hardware profiles and small parts [&hellip;]","og_url":"https:\/\/www.brinmetal.co.rs\/en\/production-of-hardware-and-wholesale\/","og_site_name":"Brinmetal","article_modified_time":"2024-04-29T11:44:28+00:00","og_image":[{"url":"https:\/\/www.teszt.fleurdelys.hu\/wp-content\/uploads\/2024\/04\/bnr.jpg"}],"twitter_card":"summary_large_image","twitter_misc":{"Est. reading time":"1 minute"},"schema":{"@context":"https:\/\/schema.org","@graph":[{"@type":"WebPage","@id":"https:\/\/www.brinmetal.co.rs\/en\/production-of-hardware-and-wholesale\/","url":"https:\/\/www.brinmetal.co.rs\/en\/production-of-hardware-and-wholesale\/","name":"PRODUCTION OF HARDWARE AND WHOLESALE - Brinmetal","isPartOf":{"@id":"https:\/\/www.brinmetal.co.rs\/#website"},"primaryImageOfPage":{"@id":"https:\/\/www.brinmetal.co.rs\/en\/production-of-hardware-and-wholesale\/#primaryimage"},"image":{"@id":"https:\/\/www.brinmetal.co.rs\/en\/production-of-hardware-and-wholesale\/#primaryimage"},"thumbnailUrl":"https:\/\/www.teszt.fleurdelys.hu\/wp-content\/uploads\/2024\/04\/bnr.jpg","datePublished":"2024-04-28T18:28:28+00:00","dateModified":"2024-04-29T11:44:28+00:00","breadcrumb":{"@id":"https:\/\/www.brinmetal.co.rs\/en\/production-of-hardware-and-wholesale\/#breadcrumb"},"inLanguage":"en-US","potentialAction":[{"@type":"ReadAction","target":["https:\/\/www.brinmetal.co.rs\/en\/production-of-hardware-and-wholesale\/"]}]},{"@type":"ImageObject","inLanguage":"en-US","@id":"https:\/\/www.brinmetal.co.rs\/en\/production-of-hardware-and-wholesale\/#primaryimage","url":"https:\/\/www.teszt.fleurdelys.hu\/wp-content\/uploads\/2024\/04\/bnr.jpg","contentUrl":"https:\/\/www.teszt.fleurdelys.hu\/wp-content\/uploads\/2024\/04\/bnr.jpg"},{"@type":"BreadcrumbList","@id":"https:\/\/www.brinmetal.co.rs\/en\/production-of-hardware-and-wholesale\/#breadcrumb","itemListElement":[{"@type":"ListItem","position":1,"name":"Kezd\u0151lap","item":"https:\/\/www.brinmetal.co.rs\/en\/brinmetal-kkt\/"},{"@type":"ListItem","position":2,"name":"PRODUCTION OF HARDWARE AND WHOLESALE"}]},{"@type":"WebSite","@id":"https:\/\/www.brinmetal.co.rs\/#website","url":"https:\/\/www.brinmetal.co.rs\/","name":"Brinmetal","description":"Szekcion\u00e1lt gar\u00e1zskapuk, kertkapuk, ker\u00edt\u00e9sek \u00e9s egy\u00e9b ac\u00e9l term\u00e9kek gy\u00e1rt\u00f3ja","publisher":{"@id":"https:\/\/www.brinmetal.co.rs\/#organization"},"potentialAction":[{"@type":"SearchAction","target":{"@type":"EntryPoint","urlTemplate":"https:\/\/www.brinmetal.co.rs\/?s={search_term_string}"},"query-input":{"@type":"PropertyValueSpecification","valueRequired":true,"valueName":"search_term_string"}}],"inLanguage":"en-US"},{"@type":"Organization","@id":"https:\/\/www.brinmetal.co.rs\/#organization","name":"Brinmetal","url":"https:\/\/www.brinmetal.co.rs\/","logo":{"@type":"ImageObject","inLanguage":"en-US","@id":"https:\/\/www.brinmetal.co.rs\/#\/schema\/logo\/image\/","url":"https:\/\/www.brinmetal.co.rs\/wp-content\/uploads\/2024\/03\/brinmm.jpg","contentUrl":"https:\/\/www.brinmetal.co.rs\/wp-content\/uploads\/2024\/03\/brinmm.jpg","width":1445,"height":151,"caption":"Brinmetal"},"image":{"@id":"https:\/\/www.brinmetal.co.rs\/#\/schema\/logo\/image\/"}}]}},"_links":{"self":[{"href":"https:\/\/www.brinmetal.co.rs\/en\/wp-json\/wp\/v2\/pages\/1073"}],"collection":[{"href":"https:\/\/www.brinmetal.co.rs\/en\/wp-json\/wp\/v2\/pages"}],"about":[{"href":"https:\/\/www.brinmetal.co.rs\/en\/wp-json\/wp\/v2\/types\/page"}],"author":[{"embeddable":true,"href":"https:\/\/www.brinmetal.co.rs\/en\/wp-json\/wp\/v2\/users\/1"}],"replies":[{"embeddable":true,"href":"https:\/\/www.brinmetal.co.rs\/en\/wp-json\/wp\/v2\/comments?post=1073"}],"version-history":[{"count":1,"href":"https:\/\/www.brinmetal.co.rs\/en\/wp-json\/wp\/v2\/pages\/1073\/revisions"}],"predecessor-version":[{"id":1074,"href":"https:\/\/www.brinmetal.co.rs\/en\/wp-json\/wp\/v2\/pages\/1073\/revisions\/1074"}],"wp:attachment":[{"href":"https:\/\/www.brinmetal.co.rs\/en\/wp-json\/wp\/v2\/media?parent=1073"}],"curies":[{"name":"wp","href":"https:\/\/api.w.org\/{rel}","templated":true}]}}